{"id":1019,"date":"2024-07-10T18:17:49","date_gmt":"2024-07-10T16:17:49","guid":{"rendered":"https:\/\/p-my6fx0.project.space\/leistungen-copy\/"},"modified":"2026-03-20T09:29:19","modified_gmt":"2026-03-20T08:29:19","slug":"karriere","status":"publish","type":"page","link":"https:\/\/www.kuttin.at\/en\/karriere\/","title":{"rendered":"Careers"},"content":{"rendered":"<section class=\"bde-section-1019-101 bde-section\">\n              \n  \n\t\n\n  <div class=\"section-background-overlay\"><\/div>\n\n\n<div class=\"section-container\"><\/div>\n<\/section><section class=\"bde-section-1019-105 bde-section\">\n              \n  \n\t\n\n  <div class=\"section-background-overlay\"><\/div>\n\n\n<div class=\"section-container\"><h1 class=\"bde-heading-1019-106 bde-heading\">\nCareers at KUTTIN\n<\/h1><div class=\"bde-rich-text-1019-121 bde-rich-text breakdance-rich-text-styles\">\n<p><span class=\"TextRun SCXW6544005 BCX8\" lang=\"DE-DE\" xml:lang=\"DE-DE\" data-contrast=\"auto\"><span class=\"NormalTextRun SCXW6544005 BCX8\">The <\/span><\/span><span class=\"TextRun SCXW6544005 BCX8\" lang=\"DE-AT\" xml:lang=\"DE-AT\" data-contrast=\"none\"><span class=\"NormalTextRun SCXW6544005 BCX8\">Fritz KUTTIN GmbH<\/span>\u00a0<\/span><span class=\"TextRun SCXW6544005 BCX8\" lang=\"DE-DE\" xml:lang=\"DE-DE\" data-contrast=\"auto\"><span class=\"NormalTextRun SCXW6544005 BCX8\">is part of the <a href=\"https:\/\/www.reon-group.at\">REON GROUP<\/a>. As professionals in the handling of scrap metal, we make an indispensable contribution to environmental protection thanks to sustainable recycling. Innovative, sustainable recycling solutions and long-standing, trusting partnerships have guaranteed the company\u2019s success for more than <\/span><span class=\"NormalTextRun SCXW6544005 BCX8\">100<\/span><span class=\"NormalTextRun SCXW6544005 BCX8\"> years.\u00a0<\/span><\/span><span class=\"EOP SCXW6544005 BCX8\" data-ccp-props=\"{&quot;201341983&quot;:0,&quot;335559740&quot;:279}\">\u00a0<\/span><\/p>\n<p><strong>Become part of the KUTTIN-team!<\/strong><\/p>\n<\/div><\/div>\n<\/section><section class=\"bde-section-1019-183 bde-section\">\n  \n\t\n\n\n\n<div class=\"section-container\"><div class=\"bde-div-1019-184 bde-div\">\n  \n\t\n\n\n\n<h2 class=\"bde-heading-1019-185 bde-heading\">\nCurrent job openings\n<\/h2><div class=\"bde-rich-text-1019-187 bde-rich-text breakdance-rich-text-styles\">\n<p>We are always looking for competent additions to our team. The following jobs are currently being advertised:<\/p>\n<p>Keine offene Stelle.<\/p>\n<\/div>\n<\/div><div class=\"bde-accordion-1019-188 bde-accordion bde-accordion--pills\"><div class=\"bde-accordion__content-wrapper-1019-189 bde-accordion__content-wrapper\">\n<h3 class=\"bde-accordion__title-tag\">\n  <button type=\"button\" class=\"bde-accordion__button\" id=\"accordion-button-189\" aria-controls=\"accordion-panel-189\" aria-expanded=\"false\">\n     <span class=\"bde-accordion__title\" >Office Mitarbeiter (m\/w\/d) Vollzeitstelle<\/span>\n     <span class=\"bde-accordion__icon bde-accordion__icon--default\"><\/span>\n     <span class=\"bde-accordion__icon bde-accordion__icon--active\"><\/span>\n  <\/button>\n<\/h3>\n\n<div role=\"region\" class=\"bde-accordion__panel\" id=\"accordion-panel-189\" aria-labelledby=\"accordion-button-189\" hidden>\n   <div class=\"bde-columns-1019-190 bde-columns\"><div class=\"bde-column-1019-191 bde-column\">\n  \n\t\n\n\n\n<div class=\"bde-rich-text-1019-192 bde-rich-text breakdance-rich-text-styles\">\n<p>Die Fritz Kuttin Gesellschaft m.b.H. ist ein Teil der REON GROUP und sucht SIE zur Unterst\u00fctzung unseres Teams am Standort Raiffeisenstra\u00dfe 18, 9020 Klagenfurt.<\/p>\n<p><strong>Ihr zuk\u00fcnftiges T\u00e4tigkeitsfeld umfasst:<\/strong><\/p>\n<ul>\n<li>Verwiegung und Waren\u00fcbergabe\/-\u00fcbernahme inkl. Fakturierung sowie Kassent\u00e4tigkeit<\/li>\n<li>Abwechslungsreiche und vielseitige Aufgaben im Office-Bereich<\/li>\n<li>Kundenkontakt - pers\u00f6nlich und telefonisch<\/li>\n<\/ul>\n<p><strong>Das bringen Sie mit:<\/strong><\/p>\n<ul>\n<li>kaufm\u00e4nnische Ausbildung (B\u00fcrolehre, kaufm\u00e4nnischer Schulabschluss)<\/li>\n<li>routinierter Umgang mit den g\u00e4ngigen Office Programmen<\/li>\n<li>Verl\u00e4sslichkeit, P\u00fcnktlichkeit, Verantwortungsbewusstsein, Stressresistent, Lernbereitschaft und Selbstst\u00e4ndigkeit<\/li>\n<li>gute Kommunikation gepaart mit Ihrem positiven Auftreten<\/li>\n<\/ul>\n<p><strong>Das k\u00f6nnen wir Ihnen bieten:<\/strong><\/p>\n<ul>\n<li>Gehalt \u20ac 2.600 brutto\/Monat (Basis KV-Angestellte &amp; Lehrlinge Handel 2026, Vollzeitanstellung)<\/li>\n<li>eine gute Integration sowie umfassende Einschulung sind f\u00fcr uns eine Selbstverst\u00e4ndlichkeit<\/li>\n<li>diverse Benefits wie Essenszuschuss, Obst, Getr\u00e4nke, Weiterbildungsm\u00f6glichkeiten etc.<\/li>\n<li>ein moderner Arbeitsplatz mit hochwertigen Arbeitsmitteln<\/li>\n<li>angenehme Kernarbeitszeiten<\/li>\n<\/ul>\n<\/div>\n<\/div><div class=\"bde-column-1019-193 bde-column\">\n  \n\t\n\n\n\n<div class=\"bde-icon-list-1019-194 bde-icon-list\">\n<ul>\n  \n              \n    <li>\n              <div class='bde-icon-list__item-wrapper'>\n      \n      <span class='bde-icon-list__icon'>\n        <svg xmlns=\"http:\/\/www.w3.org\/2000\/svg\" viewbox=\"0 0 576 512\"><!-- Font Awesome Free 5.15.1 by @fontawesome - https:\/\/fontawesome.com License - https:\/\/fontawesome.com\/license\/free (Icons: CC BY 4.0, Fonts: SIL OFL 1.1, Code: MIT License) --><path d=\"M288 0c-69.59 0-126 56.41-126 126 0 56.26 82.35 158.8 113.9 196.02 6.39 7.54 17.82 7.54 24.2 0C331.65 284.8 414 182.26 414 126 414 56.41 357.59 0 288 0zM20.12 215.95A32.006 32.006 0 0 0 0 245.66v250.32c0 11.32 11.43 19.06 21.94 14.86L160 448V214.92c-8.84-15.98-16.07-31.54-21.25-46.42L20.12 215.95zM288 359.67c-14.07 0-27.38-6.18-36.51-16.96-19.66-23.2-40.57-49.62-59.49-76.72v182l192 64V266c-18.92 27.09-39.82 53.52-59.49 76.72-9.13 10.77-22.44 16.95-36.51 16.95zm266.06-198.51L416 224v288l139.88-55.95A31.996 31.996 0 0 0 576 426.34V176.02c0-11.32-11.43-19.06-21.94-14.86z\"\/><\/svg>\n      <\/span>\n      <span class='bde-icon-list__text' >\n      Klagenfurt\n      <\/span>\n              <\/div>\n      \n    <\/li>\n\n  \n              \n    <li>\n              <div class='bde-icon-list__item-wrapper'>\n      \n      <span class='bde-icon-list__icon'>\n        <svg xmlns=\"http:\/\/www.w3.org\/2000\/svg\" viewbox=\"0 0 640 512\"><!-- Font Awesome Free 5.15.1 by @fontawesome - https:\/\/fontawesome.com License - https:\/\/fontawesome.com\/license\/free (Icons: CC BY 4.0, Fonts: SIL OFL 1.1, Code: MIT License) --><path d=\"M496 224c-79.59 0-144 64.41-144 144s64.41 144 144 144 144-64.41 144-144-64.41-144-144-144zm64 150.29c0 5.34-4.37 9.71-9.71 9.71h-60.57c-5.34 0-9.71-4.37-9.71-9.71v-76.57c0-5.34 4.37-9.71 9.71-9.71h12.57c5.34 0 9.71 4.37 9.71 9.71V352h38.29c5.34 0 9.71 4.37 9.71 9.71v12.58zM496 192c5.4 0 10.72.33 16 .81V144c0-25.6-22.4-48-48-48h-80V48c0-25.6-22.4-48-48-48H176c-25.6 0-48 22.4-48 48v48H48c-25.6 0-48 22.4-48 48v80h395.12c28.6-20.09 63.35-32 100.88-32zM320 96H192V64h128v32zm6.82 224H208c-8.84 0-16-7.16-16-16v-48H0v144c0 25.6 22.4 48 48 48h291.43C327.1 423.96 320 396.82 320 368c0-16.66 2.48-32.72 6.82-48z\"\/><\/svg>\n      <\/span>\n      <span class='bde-icon-list__text' >\n      Vollzeit\n      <\/span>\n              <\/div>\n      \n    <\/li>\n\n  \n              \n    <li>\n              <div class='bde-icon-list__item-wrapper'>\n      \n      <span class='bde-icon-list__icon'>\n        <svg xmlns=\"http:\/\/www.w3.org\/2000\/svg\" id=\"icon-calendar\" viewbox=\"0 0 32 32\">\n<path d=\"M10 12h4v4h-4zM16 12h4v4h-4zM22 12h4v4h-4zM4 24h4v4h-4zM10 24h4v4h-4zM16 24h4v4h-4zM10 18h4v4h-4zM16 18h4v4h-4zM22 18h4v4h-4zM4 18h4v4h-4zM26 0v2h-4v-2h-14v2h-4v-2h-4v32h30v-32h-4zM28 30h-26v-22h26v22z\"\/>\n<\/svg>\n      <\/span>\n      <span class='bde-icon-list__text' >\n      ab sofort\n      <\/span>\n              <\/div>\n      \n    <\/li>\n\n  <\/ul>\n\n<\/div><div class=\"bde-rich-text-1019-198 bde-rich-text breakdance-rich-text-styles\">\n<p>Ihre aussagekr\u00e4ftigen Bewerbungsunterlagen (Motivationsschreiben mit detailliertem Lebenslauf, Zeugnissen und Foto) senden Sie bitte ausschlie\u00dflich per E-Mail an: <a href=\"mailto:martina.freitag@kuttin.at\">martina.freitag@kuttin.at<\/a><\/p>\n<\/div>\n<\/div><\/div>\n<\/div>\n\n\n\n<\/div><div class=\"bde-accordion__content-wrapper-1019-211 bde-accordion__content-wrapper\">\n<h3 class=\"bde-accordion__title-tag\">\n  <button type=\"button\" class=\"bde-accordion__button\" id=\"accordion-button-211\" aria-controls=\"accordion-panel-211\" aria-expanded=\"false\">\n     <span class=\"bde-accordion__title\" >Initiativbewerbung<\/span>\n     <span class=\"bde-accordion__icon bde-accordion__icon--default\"><\/span>\n     <span class=\"bde-accordion__icon bde-accordion__icon--active\"><\/span>\n  <\/button>\n<\/h3>\n\n<div role=\"region\" class=\"bde-accordion__panel\" id=\"accordion-panel-211\" aria-labelledby=\"accordion-button-211\" hidden>\n   <div class=\"bde-columns-1019-212 bde-columns\"><div class=\"bde-column-1019-213 bde-column\">\n  \n\t\n\n\n\n<div class=\"bde-rich-text-1019-214 bde-rich-text breakdance-rich-text-styles\">\n<h3><b>Initiativbewerbung<\/b><\/h3>\n<\/div>\n<\/div><div class=\"bde-column-1019-215 bde-column\">\n  \n\t\n\n\n\n<div class=\"bde-rich-text-1019-216 bde-rich-text breakdance-rich-text-styles\">\n<p>Ihre aussagekr\u00e4ftigen Bewerbungsunterlagen senden Sie bitte ausschlie\u00dflich per E-Mail an: <a href=\"mailto:office@kuttin.at\">office@kuttin.at<\/a><\/p>\n<\/div><div class=\"bde-button-1019-217 bde-button\">\n    \n                                    \n    \n    \n    \n    \n            \n                    \n            \n            \n\n    \n    \n    \n    \n    \n    <a class=\"breakdance-link button-atom button-atom--primary bde-button__button\" href=\"mailto:mailto:info@schrottwaltner.at?subject=&body=\" target=\"_self\" data-type=\"contact\"  >\n\n    \n        <span class=\"button-atom__text\">jetzt bewerben<\/span>\n\n        \n        \n                <\/a>\n\n    \n\n\n<\/div>\n<\/div><\/div>\n<\/div>\n\n\n\n<\/div>\r\n\r\n<\/div><div class=\"bde-accordion-1019-199 bde-accordion bde-accordion--pills\">\r\n\r\n<\/div><\/div>\n<\/section>","protected":false},"excerpt":{"rendered":"<p>Karriere bei KUTTIN Die Fritz KUTTIN GmbH\u00a0ist Teil der REON GROUP. Als Profis im Umgang mit Altmetall leisten wir einen unverzichtbaren Beitrag zum Umweltschutz durch nachhaltiges Recycling. Innovative, nachhaltige Recyclingl\u00f6sungen und langj\u00e4hrige, vertrauensvolle Partnerschaften garantieren seit mehr als 100 Jahren den Erfolg des Unternehmens.\u00a0 Werden Sie Teil des KUTTIN-Teams! Aktuelle Jobs Wir suchen stets kompetente [&hellip;]<\/p>","protected":false},"author":1,"featured_media":0,"parent":0,"menu_order":0,"comment_status":"closed","ping_status":"closed","template":"","meta":{"_breakdance_hide_in_design_set":false,"_breakdance_tags":"","iawp_total_views":2658,"footnotes":""},"class_list":["post-1019","page","type-page","status-publish","hentry"],"_links":{"self":[{"href":"https:\/\/www.kuttin.at\/en\/wp-json\/wp\/v2\/pages\/1019","targetHints":{"allow":["GET"]}}],"collection":[{"href":"https:\/\/www.kuttin.at\/en\/wp-json\/wp\/v2\/pages"}],"about":[{"href":"https:\/\/www.kuttin.at\/en\/wp-json\/wp\/v2\/types\/page"}],"author":[{"embeddable":true,"href":"https:\/\/www.kuttin.at\/en\/wp-json\/wp\/v2\/users\/1"}],"replies":[{"embeddable":true,"href":"https:\/\/www.kuttin.at\/en\/wp-json\/wp\/v2\/comments?post=1019"}],"version-history":[{"count":0,"href":"https:\/\/www.kuttin.at\/en\/wp-json\/wp\/v2\/pages\/1019\/revisions"}],"wp:attachment":[{"href":"https:\/\/www.kuttin.at\/en\/wp-json\/wp\/v2\/media?parent=1019"}],"curies":[{"name":"wp","href":"https:\/\/api.w.org\/{rel}","templated":true}]}}