{"id":1148,"date":"2024-07-18T15:42:46","date_gmt":"2024-07-18T13:42:46","guid":{"rendered":"https:\/\/p-my6fx0.project.space\/?page_id=1148"},"modified":"2024-10-30T07:39:01","modified_gmt":"2024-10-30T06:39:01","slug":"schrottboutique","status":"publish","type":"page","link":"https:\/\/www.kuttin.at\/en\/schrottboutique\/","title":{"rendered":"Commercial goods sales"},"content":{"rendered":"<section class=\"bde-section-1148-100 bde-section\">\n              \n  \n  \n\t\n\n  <div class=\"section-background-overlay\"><\/div>\n\n\n<div class=\"section-container\"><\/div>\n<\/section><section class=\"bde-section-1148-101 bde-section\">\n  \n  \n\t\n\n\n\n<div class=\"section-container\"><h1 class=\"bde-heading-1148-209 bde-heading\">\nCommercial goods sales\n<\/h1><div class=\"bde-columns-1148-102 bde-columns\"><div class=\"bde-column-1148-103 bde-column\" data-entrance=\"zoomIn\">\n  \n  \n\t\n\n\n\n<div class=\"bde-div-1148-104 bde-div\">\n  \n  \n\t\n\n\n\n<div class=\"bde-image-1148-105 bde-image\" data-parallax=\"true\">\n<figure class=\"breakdance-image breakdance-image--32\">\n\t<div class=\"breakdance-image-container\">\n\t\t<div class=\"breakdance-image-clip\"><img loading=\"lazy\" decoding=\"async\" class=\"breakdance-image-object\" src=\"https:\/\/www.kuttin.at\/wp-content\/uploads\/2024\/07\/Reon_Bildmarke-gelb_RGB_S-150-216.png\" width=\"150\" height=\"130\" srcset=\"https:\/\/www.kuttin.at\/wp-content\/uploads\/2024\/06\/Reon_Bildmarke-gelb_RGB_S.png 347w, https:\/\/www.kuttin.at\/wp-content\/uploads\/2024\/06\/Reon_Bildmarke-gelb_RGB_S-300x259.png 300w\" sizes=\"auto, (max-width: 347px) 100vw, 347px\"><\/div>\n\t<\/div><\/figure>\n\n<\/div>\n<\/div><div class=\"bde-masker-1148-106 bde-masker\"><div class=\"bde-image-1148-107 bde-image\">\n<figure class=\"breakdance-image breakdance-image--1252\">\n\t<div class=\"breakdance-image-container\">\n\t\t<div class=\"breakdance-image-clip\"><img loading=\"lazy\" decoding=\"async\" class=\"breakdance-image-object\" src=\"https:\/\/www.kuttin.at\/wp-content\/uploads\/2024\/07\/2_4489-500.jpg\" width=\"500\" height=\"333\" srcset=\"https:\/\/www.kuttin.at\/wp-content\/uploads\/2024\/07\/2_4489-300x200.jpg 300w, https:\/\/www.kuttin.at\/wp-content\/uploads\/2024\/07\/2_4489.jpg 640w\" sizes=\"auto, (max-width: 300px) 100vw, 300px\"><\/div>\n\t<\/div><\/figure>\n\n<\/div>\r\n<\/div>\n<\/div><div class=\"bde-column-1148-108 bde-column\" data-entrance=\"slideRight\">\n  \n  \n\t\n\n\n\n<h1 class=\"bde-heading-1148-109 bde-heading\">\nCommercial goods sales\n<\/h1><div class=\"bde-text-1148-175 bde-text\">\nOur commercial goods sales in Knittelfeld and Klagenfurt offer our customers a well-stocked range. Here you can choose from a large number of sheets, pipes, iron plates, flat bars, etc. in a wide variety of thicknesses and lengths. We are also happy to cut them to the lengths you require. We also sell a large selection of nails, screws, nuts and much more. Whether you are a house builder, farmer or a passionate handyman \u2013 you will always find what you are looking for here. Come and see us!<br><br><b>Our commercial goods sellers look forward to your visit! <\/b>\n<\/div><div class=\"bde-button-1148-192 bde-button\">\n        \n    \n    \n    \n    \n            \n                    \n            \n            \n\n    \n    \n    \n    \n    \n    <a class=\"breakdance-link button-atom button-atom--primary bde-button__button\" href=\"https:\/\/www.kuttin.at\/en\/kontakt\/\" target=\"_self\" data-type=\"url\"  >\n\n    \n        <span class=\"button-atom__text\">Contact<\/span>\n\n        \n        \n                <\/a>\n\n    \n\n\n<\/div>\n<\/div><\/div><\/div>\n<\/section><section id=\"kontakt\" class=\"bde-section-1148-153 bde-section\">\n  \n  \n\t\n\n\n\n<div class=\"section-container\"><div class=\"bde-columns-1148-193 bde-columns\"><div class=\"bde-column-1148-194 bde-column\">\n  \n  \n\t\n\n\n\n<div class=\"bde-columns-1148-176 bde-columns\"><div class=\"bde-column-1148-177 bde-column\" data-entrance=\"slideRight\">\n  \n  \n\t\n\n\n\n<div class=\"bde-image-1148-178 bde-image\">\n<figure class=\"breakdance-image breakdance-image--1464\">\n\t<div class=\"breakdance-image-container\">\n\t\t<div class=\"breakdance-image-clip\"><img loading=\"lazy\" decoding=\"async\" class=\"breakdance-image-object\" src=\"https:\/\/www.kuttin.at\/wp-content\/uploads\/2024\/07\/Liebminger-150x150.jpg\" width=\"150\" height=\"150\" sizes=\"auto, (max-width: 150px) 100vw, 150px\"><\/div>\n\t<\/div><\/figure>\n\n<\/div>\n<\/div><div class=\"bde-column-1148-205 bde-column\" data-entrance=\"slideLeft\">\n  \n  \n\t\n\n\n\n<h2 class=\"bde-heading-1148-206 bde-heading\">\nReinhold Liebminger\n<\/h2><div class=\"bde-text-1148-207 bde-text\">\nCommercial goods sales Knittelfeld\n<\/div><ul class=\"bde-basic-list-1148-208 bde-basic-list\">\n  <li class='bde-basic-list-item-with-link' >    \n                  \n            \n            \n\n    \n    \n    \n    \n    \n    <a class=\"breakdance-link\" href=\"tel:00436648249639\" target=\"_self\" data-type=\"url\"  >\n\n          <b>M<\/b> +43 (0)664 824 96 39\n              <\/a>\n\n      <\/li>\n<\/ul>\n<\/div><\/div>\n<\/div><div class=\"bde-column-1148-195 bde-column\">\n  \n  \n\t\n\n\n\n<div class=\"bde-columns-1148-196 bde-columns\"><div class=\"bde-column-1148-197 bde-column\" data-entrance=\"slideRight\">\n  \n  \n\t\n\n\n\n<div class=\"bde-image-1148-198 bde-image\">\n<figure class=\"breakdance-image breakdance-image--1509\">\n\t<div class=\"breakdance-image-container\">\n\t\t<div class=\"breakdance-image-clip\"><img loading=\"lazy\" decoding=\"async\" class=\"breakdance-image-object\" src=\"https:\/\/www.kuttin.at\/wp-content\/uploads\/2024\/07\/mulac.jpg\" width=\"150\" height=\"150\" sizes=\"auto, (max-width: 150px) 100vw, 150px\"><\/div>\n\t<\/div><\/figure>\n\n<\/div>\n<\/div><div class=\"bde-column-1148-201 bde-column\" data-entrance=\"slideLeft\">\n  \n  \n\t\n\n\n\n<h2 class=\"bde-heading-1148-202 bde-heading\">\nPeter<br>Mulac\n<\/h2><div class=\"bde-text-1148-203 bde-text\">\nCommercial goods sales Klagenfurt\n<\/div><ul class=\"bde-basic-list-1148-204 bde-basic-list\">\n  <li class='bde-basic-list-item-with-link' >    \n                  \n            \n            \n\n    \n    \n    \n    \n    \n    <a class=\"breakdance-link\" href=\"tel:00436642342212\" target=\"_self\" data-type=\"url\"  >\n\n          <b>M<\/b>  +43 (0)664 234 22 12\n              <\/a>\n\n      <\/li>\n<\/ul>\n<\/div><\/div>\n<\/div><\/div><\/div>\n<\/section><section class=\"bde-section-1148-112 bde-section\">\n  \n  \n\t\n\n\n\n<div class=\"section-container\"><div class=\"bde-gallery-1148-113 bde-gallery\">\n\n\n  \n\n\n\n\n\n\n\n  \n\n  <div class=\"ee-gallery-swiper breakdance-swiper-wrapper\" data-swiper-id=\"113\">\n    <div class=\"swiper\">\n\n<div class=\"ee-gallery ee-gallery--gallery-slider ee-gallery--slider ee-gallery-- ee-gallery--lightbox ee-gallery-- ee-gallery--caption- ee-gallery--caption-none ee-gallery--ratio swiper-wrapper\">\n                  \n      <a class=\"ee-gallery-item ee-gallery-item--image ee-gallery-item--single swiper-slide\" href=\"https:\/\/www.kuttin.at\/wp-content\/uploads\/2024\/07\/ikarus_4542.jpg\"  data-sub-html=\"<span><\/span>\" data-category=\"1\"                  data-lg-size=\"640-426\"\n\n      >\n        <figure class=\"ee-gallery-item-figure\">\n                        <img loading=\"lazy\" decoding=\"async\" class=\"breakdance-image-object\" src=\"https:\/\/www.kuttin.at\/wp-content\/uploads\/2024\/07\/ikarus_4542.jpg\" width=\"640\" height=\"426\" srcset=\"https:\/\/www.kuttin.at\/wp-content\/uploads\/2024\/07\/ikarus_4542.jpg 640w, https:\/\/www.kuttin.at\/wp-content\/uploads\/2024\/07\/ikarus_4542-300x200.jpg 300w\" sizes=\"auto, (max-width: 640px) 100vw, 640px\">\n          \n                  <\/figure>\n      <\/a>\n\n                \n      <a class=\"ee-gallery-item ee-gallery-item--image ee-gallery-item--single swiper-slide\" href=\"https:\/\/www.kuttin.at\/wp-content\/uploads\/2024\/07\/ikarus_4523.jpg\"  data-sub-html=\"<span><\/span>\" data-category=\"1\"                  data-lg-size=\"640-426\"\n\n      >\n        <figure class=\"ee-gallery-item-figure\">\n                        <img loading=\"lazy\" decoding=\"async\" class=\"breakdance-image-object\" src=\"https:\/\/www.kuttin.at\/wp-content\/uploads\/2024\/07\/ikarus_4523.jpg\" width=\"640\" height=\"426\" srcset=\"https:\/\/www.kuttin.at\/wp-content\/uploads\/2024\/07\/ikarus_4523.jpg 640w, https:\/\/www.kuttin.at\/wp-content\/uploads\/2024\/07\/ikarus_4523-300x200.jpg 300w\" sizes=\"auto, (max-width: 640px) 100vw, 640px\">\n          \n                  <\/figure>\n      <\/a>\n\n                \n      <a class=\"ee-gallery-item ee-gallery-item--image ee-gallery-item--single swiper-slide\" href=\"https:\/\/www.kuttin.at\/wp-content\/uploads\/2024\/07\/ikarus_4517.jpg\"  data-sub-html=\"<span><\/span>\" data-category=\"1\"                  data-lg-size=\"640-426\"\n\n      >\n        <figure class=\"ee-gallery-item-figure\">\n                        <img loading=\"lazy\" decoding=\"async\" class=\"breakdance-image-object\" src=\"https:\/\/www.kuttin.at\/wp-content\/uploads\/2024\/07\/ikarus_4517.jpg\" width=\"640\" height=\"426\" srcset=\"https:\/\/www.kuttin.at\/wp-content\/uploads\/2024\/07\/ikarus_4517.jpg 640w, https:\/\/www.kuttin.at\/wp-content\/uploads\/2024\/07\/ikarus_4517-300x200.jpg 300w\" sizes=\"auto, (max-width: 640px) 100vw, 640px\">\n          \n                  <\/figure>\n      <\/a>\n\n                \n      <a class=\"ee-gallery-item ee-gallery-item--image ee-gallery-item--single swiper-slide\" href=\"https:\/\/www.kuttin.at\/wp-content\/uploads\/2024\/07\/1_4499.jpg\"  data-sub-html=\"<span><\/span>\" data-category=\"1\"                  data-lg-size=\"640-426\"\n\n      >\n        <figure class=\"ee-gallery-item-figure\">\n                        <img loading=\"lazy\" decoding=\"async\" class=\"breakdance-image-object\" src=\"https:\/\/www.kuttin.at\/wp-content\/uploads\/2024\/07\/1_4499.jpg\" width=\"640\" height=\"426\" srcset=\"https:\/\/www.kuttin.at\/wp-content\/uploads\/2024\/07\/1_4499.jpg 640w, https:\/\/www.kuttin.at\/wp-content\/uploads\/2024\/07\/1_4499-300x200.jpg 300w\" sizes=\"auto, (max-width: 640px) 100vw, 640px\">\n          \n                  <\/figure>\n      <\/a>\n\n                \n      <a class=\"ee-gallery-item ee-gallery-item--image ee-gallery-item--single swiper-slide\" href=\"https:\/\/www.kuttin.at\/wp-content\/uploads\/2024\/07\/ikarus_4505.jpg\"  data-sub-html=\"<span><\/span>\" data-category=\"1\"                  data-lg-size=\"640-426\"\n\n      >\n        <figure class=\"ee-gallery-item-figure\">\n                        <img loading=\"lazy\" decoding=\"async\" class=\"breakdance-image-object\" src=\"https:\/\/www.kuttin.at\/wp-content\/uploads\/2024\/07\/ikarus_4505.jpg\" width=\"640\" height=\"426\" srcset=\"https:\/\/www.kuttin.at\/wp-content\/uploads\/2024\/07\/ikarus_4505.jpg 640w, https:\/\/www.kuttin.at\/wp-content\/uploads\/2024\/07\/ikarus_4505-300x200.jpg 300w\" sizes=\"auto, (max-width: 640px) 100vw, 640px\">\n          \n                  <\/figure>\n      <\/a>\n\n                \n      <a class=\"ee-gallery-item ee-gallery-item--image ee-gallery-item--single swiper-slide\" href=\"https:\/\/www.kuttin.at\/wp-content\/uploads\/2024\/07\/ikarus_4547.jpg\"  data-sub-html=\"<span><\/span>\" data-category=\"1\"                  data-lg-size=\"640-426\"\n\n      >\n        <figure class=\"ee-gallery-item-figure\">\n                        <img loading=\"lazy\" decoding=\"async\" class=\"breakdance-image-object\" src=\"https:\/\/www.kuttin.at\/wp-content\/uploads\/2024\/07\/ikarus_4547.jpg\" width=\"640\" height=\"426\" srcset=\"https:\/\/www.kuttin.at\/wp-content\/uploads\/2024\/07\/ikarus_4547.jpg 640w, https:\/\/www.kuttin.at\/wp-content\/uploads\/2024\/07\/ikarus_4547-300x200.jpg 300w\" sizes=\"auto, (max-width: 640px) 100vw, 640px\">\n          \n                  <\/figure>\n      <\/a>\n\n                \n      <a class=\"ee-gallery-item ee-gallery-item--image ee-gallery-item--single swiper-slide\" href=\"https:\/\/www.kuttin.at\/wp-content\/uploads\/2024\/07\/ikarus_4496.jpg\"  data-sub-html=\"<span><\/span>\" data-category=\"1\"                  data-lg-size=\"640-426\"\n\n      >\n        <figure class=\"ee-gallery-item-figure\">\n                        <img loading=\"lazy\" decoding=\"async\" class=\"breakdance-image-object\" src=\"https:\/\/www.kuttin.at\/wp-content\/uploads\/2024\/07\/ikarus_4496.jpg\" width=\"640\" height=\"426\" srcset=\"https:\/\/www.kuttin.at\/wp-content\/uploads\/2024\/07\/ikarus_4496.jpg 640w, https:\/\/www.kuttin.at\/wp-content\/uploads\/2024\/07\/ikarus_4496-300x200.jpg 300w\" sizes=\"auto, (max-width: 640px) 100vw, 640px\">\n          \n                  <\/figure>\n      <\/a>\n\n                \n      <a class=\"ee-gallery-item ee-gallery-item--image ee-gallery-item--single swiper-slide\" href=\"https:\/\/www.kuttin.at\/wp-content\/uploads\/2024\/07\/2_4489.jpg\"  data-sub-html=\"<span><\/span>\" data-category=\"1\"                  data-lg-size=\"640-426\"\n\n      >\n        <figure class=\"ee-gallery-item-figure\">\n                        <img loading=\"lazy\" decoding=\"async\" class=\"breakdance-image-object\" src=\"https:\/\/www.kuttin.at\/wp-content\/uploads\/2024\/07\/2_4489.jpg\" width=\"640\" height=\"426\" srcset=\"https:\/\/www.kuttin.at\/wp-content\/uploads\/2024\/07\/2_4489.jpg 640w, https:\/\/www.kuttin.at\/wp-content\/uploads\/2024\/07\/2_4489-300x200.jpg 300w\" sizes=\"auto, (max-width: 640px) 100vw, 640px\">\n          \n                  <\/figure>\n      <\/a>\n\n      \n  <\/div>\n\n    <\/div>\n        \n            <div class=\"swiper-pagination\"><\/div>\n    \n  <\/div>\n\n\n<\/div><\/div>\n<\/section><section class=\"bde-section-1148-169 bde-section\">\n              \n  \n  \n\t\n\n  <div class=\"section-background-overlay\"><\/div>\n\n\n<div class=\"section-container\"><div class=\"bde-columns-1148-170 bde-columns\"><div class=\"bde-column-1148-171 bde-column\">\n  \n  \n\t\n\n\n\n<div class=\"bde-animated-heading-1148-172 bde-animated-heading\">\n<h2 class=\"bde-animated-heading__text\">\n\n\t<span class=\"bde-animated-heading__wrapper\"><\/span>\n\n\n\n\n<\/h2>\n\n<noscript>\n      <h2 class=\"bde-animated-heading__noscript\">\n      <span><\/span>\n      Members of REON GROUP.\n      <span><\/span>\n    <\/h2>\n  <\/noscript>\n<\/div>\n<\/div><div class=\"bde-column-1148-173 bde-column\">\n  \n  \n\t\n\n\n\n<div class=\"bde-button-1148-174 bde-button\">\n        \n    \n    \n    \n    \n            \n                    \n            \n            \n\n    \n    \n    \n    \n    \n    <a class=\"breakdance-link button-atom button-atom--primary bde-button__button\" href=\"https:\/\/www.reon-group.at\" target=\"_self\" data-type=\"url\"  >\n\n    \n        <span class=\"button-atom__text\">to REON GROUP<\/span>\n\n        \n        \n                <\/a>\n\n    \n\n\n<\/div>\n<\/div><\/div><\/div>\n<\/section><section class=\"bde-section-1148-114 bde-section\">\n  \n  \n\t\n\n\n\n<div class=\"section-container\"><h2 class=\"bde-heading-1148-115 bde-heading\">\nOther services\n<\/h2><div class=\"bde-grid-1148-210 bde-grid\">\n  \n  \n\t\n\n\n\n<a class=\"bde-container-link-1148-118 bde-container-link breakdance-link\" href=\"https:\/\/www.kuttin.at\/en\/schrotte\/\" target=\"_self\" data-type=\"url\">\n  \n  \n\t\n\n\n\n<div class=\"bde-image-box-1148-119 bde-image-box\">\n<div class=\"ee-imagebox-image\">\n  <img loading=\"lazy\" decoding=\"async\" class=\"breakdance-image-object\" src=\"https:\/\/www.kuttin.at\/wp-content\/uploads\/2024\/06\/Leistungen-e1719496272364.png\" width=\"750\" height=\"500\" sizes=\"auto, (max-width: 750px) 100vw, 750px\">\n<\/div>\n<div class=\"ee-imagebox-content\">\n      <h3 class=\"ee-imagebox-title bde-h3\" >Scrap metal<\/h3>\n    \n    \n  <\/div>\n\n<\/div>\n\n<\/a><a class=\"bde-container-link-1148-121 bde-container-link breakdance-link\" href=\"https:\/\/www.kuttin.at\/en\/ne-metalle\/\" target=\"_self\" data-type=\"url\">\n  \n  \n\t\n\n\n\n<div class=\"bde-image-box-1148-122 bde-image-box\">\n<div class=\"ee-imagebox-image\">\n  <img loading=\"lazy\" decoding=\"async\" class=\"breakdance-image-object\" src=\"https:\/\/www.kuttin.at\/wp-content\/uploads\/2024\/06\/Leistungen6-e1719496032768.png\" width=\"750\" height=\"500\" sizes=\"auto, (max-width: 750px) 100vw, 750px\">\n<\/div>\n<div class=\"ee-imagebox-content\">\n      <h3 class=\"ee-imagebox-title bde-h3\" >Non-ferrous metals <\/h3>\n    \n    \n  <\/div>\n\n<\/div>\n\n<\/a><a class=\"bde-container-link-1148-124 bde-container-link breakdance-link\" href=\"https:\/\/www.kuttin.at\/en\/verwertbare-abfalle\/\" target=\"_self\" data-type=\"url\">\n  \n  \n\t\n\n\n\n<div class=\"bde-image-box-1148-125 bde-image-box\">\n<div class=\"ee-imagebox-image\">\n  <img loading=\"lazy\" decoding=\"async\" class=\"breakdance-image-object\" src=\"https:\/\/www.kuttin.at\/wp-content\/uploads\/2024\/07\/Leistungen-Auto.png\" width=\"750\" height=\"500\" srcset=\"https:\/\/www.kuttin.at\/wp-content\/uploads\/2024\/07\/Leistungen-Auto.png 750w, https:\/\/www.kuttin.at\/wp-content\/uploads\/2024\/07\/Leistungen-Auto-300x200.png 300w\" sizes=\"auto, (max-width: 750px) 100vw, 750px\">\n<\/div>\n<div class=\"ee-imagebox-content\">\n      <h3 class=\"ee-imagebox-title bde-h3\" >Recyclable waste &amp; recycling <\/h3>\n    \n    \n  <\/div>\n\n<\/div>\n\n<\/a><a class=\"bde-container-link-1148-128 bde-container-link breakdance-link\" href=\"https:\/\/www.kuttin.at\/en\/container-verleih\/\" target=\"_self\" data-type=\"url\">\n  \n  \n\t\n\n\n\n<div class=\"bde-image-box-1148-129 bde-image-box\">\n<div class=\"ee-imagebox-image\">\n  <img loading=\"lazy\" decoding=\"async\" class=\"breakdance-image-object\" src=\"https:\/\/www.kuttin.at\/wp-content\/uploads\/2024\/08\/Schuette-Kuttin.png\" width=\"750\" height=\"500\" srcset=\"https:\/\/www.kuttin.at\/wp-content\/uploads\/2024\/08\/Schuette-Kuttin.png 750w, https:\/\/www.kuttin.at\/wp-content\/uploads\/2024\/08\/Schuette-Kuttin-300x200.png 300w, https:\/\/www.kuttin.at\/wp-content\/uploads\/2024\/08\/Schuette-Kuttin-18x12.png 18w\" sizes=\"auto, (max-width: 750px) 100vw, 750px\">\n<\/div>\n<div class=\"ee-imagebox-content\">\n      <h3 class=\"ee-imagebox-title bde-h3\" >Container rental <\/h3>\n    \n    \n  <\/div>\n\n<\/div>\n\n<\/a><a class=\"bde-container-link-1148-131 bde-container-link breakdance-link\" href=\"https:\/\/www.kuttin.at\/en\/spanebrikettierung\/\" target=\"_self\" data-type=\"url\">\n  \n  \n\t\n\n\n\n<div class=\"bde-image-box-1148-132 bde-image-box\">\n<div class=\"ee-imagebox-image\">\n  <img loading=\"lazy\" decoding=\"async\" class=\"breakdance-image-object\" src=\"https:\/\/www.kuttin.at\/wp-content\/uploads\/2024\/07\/spane-Kuttin.png\" width=\"750\" height=\"500\" srcset=\"https:\/\/www.kuttin.at\/wp-content\/uploads\/2024\/07\/spane-Kuttin.png 750w, https:\/\/www.kuttin.at\/wp-content\/uploads\/2024\/07\/spane-Kuttin-300x200.png 300w\" sizes=\"auto, (max-width: 750px) 100vw, 750px\">\n<\/div>\n<div class=\"ee-imagebox-content\">\n      <h3 class=\"ee-imagebox-title bde-h3\" >Chip briquetting <\/h3>\n    \n    \n  <\/div>\n\n<\/div>\n\n<\/a><a class=\"bde-container-link-1148-134 bde-container-link breakdance-link\" href=\"https:\/\/www.kuttin.at\/en\/abbrucharbeiten\/\" target=\"_self\" data-type=\"url\">\n  \n  \n\t\n\n\n\n<div class=\"bde-image-box-1148-135 bde-image-box\">\n<div class=\"ee-imagebox-image\">\n  <img loading=\"lazy\" decoding=\"async\" class=\"breakdance-image-object\" src=\"https:\/\/www.kuttin.at\/wp-content\/uploads\/2024\/07\/Leistungen-Demontage.png\" width=\"750\" height=\"500\" srcset=\"https:\/\/www.kuttin.at\/wp-content\/uploads\/2024\/07\/Leistungen-Demontage.png 750w, https:\/\/www.kuttin.at\/wp-content\/uploads\/2024\/07\/Leistungen-Demontage-300x200.png 300w\" sizes=\"auto, (max-width: 750px) 100vw, 750px\">\n<\/div>\n<div class=\"ee-imagebox-content\">\n      <h3 class=\"ee-imagebox-title bde-h3\" >Demolition work <\/h3>\n    \n    \n  <\/div>\n\n<\/div>\n\n<\/a>\n<\/div><\/div>\n<\/section>","protected":false},"excerpt":{"rendered":"<p>Nutzwarenverkauf Nutzwarenverkauf Unser Nutzwarenverkauf in Knittelfeld und Klagenfurt bietet unseren Kund:innen ein gut sortiertes Angebot. Hier k\u00f6nnen Sie aus einer gro\u00dfen Anzahl an Blechen, Rohren, Eisenplatten, Flacheisen etc. in den unterschiedlichsten St\u00e4rken und L\u00e4ngen w\u00e4hlen. Auch Zuschnitte in den von Ihnen gew\u00fcnschten L\u00e4ngen werden gerne von uns durchgef\u00fchrt. Weiters umfasst unser Verkauf eine gro\u00dfe Auswahl [&hellip;]<\/p>\n","protected":false},"author":1,"featured_media":0,"parent":0,"menu_order":0,"comment_status":"closed","ping_status":"closed","template":"","meta":{"_breakdance_hide_in_design_set":false,"_breakdance_tags":"","iawp_total_views":3288,"footnotes":""},"class_list":["post-1148","page","type-page","status-publish","hentry"],"_links":{"self":[{"href":"https:\/\/www.kuttin.at\/en\/wp-json\/wp\/v2\/pages\/1148","targetHints":{"allow":["GET"]}}],"collection":[{"href":"https:\/\/www.kuttin.at\/en\/wp-json\/wp\/v2\/pages"}],"about":[{"href":"https:\/\/www.kuttin.at\/en\/wp-json\/wp\/v2\/types\/page"}],"author":[{"embeddable":true,"href":"https:\/\/www.kuttin.at\/en\/wp-json\/wp\/v2\/users\/1"}],"replies":[{"embeddable":true,"href":"https:\/\/www.kuttin.at\/en\/wp-json\/wp\/v2\/comments?post=1148"}],"version-history":[{"count":77,"href":"https:\/\/www.kuttin.at\/en\/wp-json\/wp\/v2\/pages\/1148\/revisions"}],"predecessor-version":[{"id":2187,"href":"https:\/\/www.kuttin.at\/en\/wp-json\/wp\/v2\/pages\/1148\/revisions\/2187"}],"wp:attachment":[{"href":"https:\/\/www.kuttin.at\/en\/wp-json\/wp\/v2\/media?parent=1148"}],"curies":[{"name":"wp","href":"https:\/\/api.w.org\/{rel}","templated":true}]}}