{"id":54,"date":"2024-06-18T13:21:42","date_gmt":"2024-06-18T11:21:42","guid":{"rendered":"https:\/\/p-my6fx0.project.space\/?page_id=54"},"modified":"2024-08-09T14:09:48","modified_gmt":"2024-08-09T12:09:48","slug":"leistungen","status":"publish","type":"page","link":"https:\/\/www.kuttin.at\/en\/leistungen\/","title":{"rendered":"Services"},"content":{"rendered":"<section class=\"bde-section-54-101 bde-section\">\n              \n  \n  \n\t\n\n  <div class=\"section-background-overlay\"><\/div>\n\n\n<div class=\"section-container\"><\/div>\n<\/section><section class=\"bde-section-54-105 bde-section\">\n              \n  \n  \n\t\n\n  <div class=\"section-background-overlay\"><\/div>\n\n\n<div class=\"section-container\"><h1 class=\"bde-heading-54-106 bde-heading\">\nWe are available to our customers at three locations \n<\/h1><div class=\"bde-rich-text-54-121 bde-rich-text breakdance-rich-text-styles\">\n<p class=\"translation-block\">We operate a modern and very environmentally-friendly scrap yard in <b>Knittelfeld<\/b>.  \nThanks to our scrap processing with large shears and shredders and logistics with our own fleet of vehicles and containers, we can ensure a range of services to meet the needs of every customer. At our Klagenfurt site \u2013 a central location for our customers \u2013 we trade in ferrous scrap and non-ferrous metals. <br>\n\nRegional customers particularly appreciate the location because of the large selection of \u201dusable goods\u201d we have in store. Our Fritz KUTTIN GmbH facility in <b>East Tyrol<\/b>, Austria, also offers the convenience of an easily accessible location. In <b>Lienz<\/b>, a town in the immediate vicinity of D\u00f6lsach railway station, the scrap metal collection in the East Tyrol region has been reorganised since it opened in 2011. Since then, it has offered the population improved service quality.<\/p>\n<p><span data-contrast=\"auto\">As part of the <a href=\"https:\/\/www.reon-group.at\">REON GROUP<\/a> we create:<\/span><span data-ccp-props=\"{&quot;201341983&quot;:0,&quot;335559740&quot;:279}\">\u00a0<\/span><\/p>\n<\/div><div class=\"bde-text-54-122 bde-text\">\nResources<br>for generations.\n<\/div><\/div>\n<\/section><section class=\"bde-section-54-134 bde-section\">\n  \n  \n\t\n\n\n\n<div class=\"section-container\"><div class=\"bde-grid-54-206 bde-grid\">\n  \n  \n\t\n\n\n\n<a class=\"bde-container-link-54-179 bde-container-link breakdance-link\" href=\"https:\/\/www.kuttin.at\/en\/schrotte\/\" target=\"_self\" data-type=\"url\">\n  \n  \n\t\n\n\n\n<div class=\"bde-image-box-54-130 bde-image-box\">\n<div class=\"ee-imagebox-image\">\n  <img loading=\"lazy\" decoding=\"async\" class=\"breakdance-image-object\" src=\"https:\/\/www.kuttin.at\/wp-content\/uploads\/2024\/06\/Leistungen-e1719496272364.png\" width=\"750\" height=\"500\" sizes=\"auto, (max-width: 750px) 100vw, 750px\">\n<\/div>\n<div class=\"ee-imagebox-content\">\n      <h3 class=\"ee-imagebox-title bde-h3\" >Scrap metal<\/h3>\n    \n      <div class=\"ee-imagebox-text\" >KUTTIN trades in ferrous scrap, shredded steel scrap and alloyed scrap. The individual types of scrap differ in size, weight and composition.  <\/div>\n    \n  <\/div>\n\n<\/div>\n\n<\/a><a class=\"bde-container-link-54-180 bde-container-link breakdance-link\" href=\"https:\/\/www.kuttin.at\/en\/ne-metalle\/\" target=\"_self\" data-type=\"url\">\n  \n  \n\t\n\n\n\n<div class=\"bde-image-box-54-139 bde-image-box\">\n<div class=\"ee-imagebox-image\">\n  <img loading=\"lazy\" decoding=\"async\" class=\"breakdance-image-object\" src=\"https:\/\/www.kuttin.at\/wp-content\/uploads\/2024\/06\/Leistungen6-e1719496032768.png\" width=\"750\" height=\"500\" sizes=\"auto, (max-width: 750px) 100vw, 750px\">\n<\/div>\n<div class=\"ee-imagebox-content\">\n      <h3 class=\"ee-imagebox-title bde-h3\" >Non-ferrous metals <\/h3>\n    \n      <div class=\"ee-imagebox-text\" >\u201cNon-ferrous metals\u201d exhibit a typical hardness. They also have specific material properties, including tensile strength, breaking strength, thermal conductivity, electrical conductivity and opacity. <\/div>\n    \n  <\/div>\n\n<\/div>\n\n<\/a><a class=\"bde-container-link-54-181 bde-container-link breakdance-link\" href=\"https:\/\/www.kuttin.at\/en\/verwertbare-abfalle\/\" target=\"_self\" data-type=\"url\">\n  \n  \n\t\n\n\n\n<div class=\"bde-image-box-54-141 bde-image-box\">\n<div class=\"ee-imagebox-image\">\n  <img loading=\"lazy\" decoding=\"async\" class=\"breakdance-image-object\" src=\"https:\/\/www.kuttin.at\/wp-content\/uploads\/2024\/07\/Leistungen-Auto.png\" width=\"750\" height=\"500\" srcset=\"https:\/\/www.kuttin.at\/wp-content\/uploads\/2024\/07\/Leistungen-Auto.png 750w, https:\/\/www.kuttin.at\/wp-content\/uploads\/2024\/07\/Leistungen-Auto-300x200.png 300w\" sizes=\"auto, (max-width: 750px) 100vw, 750px\">\n<\/div>\n<div class=\"ee-imagebox-content\">\n      <h3 class=\"ee-imagebox-title bde-h3\" >Recyclable waste &amp; recycling <\/h3>\n    \n      <div class=\"ee-imagebox-text\" >We take care of your waste materials reliably and in careful compliance with standards. KUTTIN does everything it can to reuse materials, convert products or reintegrate them into the production chain as raw materials. <\/div>\n    \n  <\/div>\n\n<\/div>\n\n<\/a><a class=\"bde-container-link-54-187 bde-container-link breakdance-link\" href=\"https:\/\/www.kuttin.at\/en\/container-verleih\/\" target=\"_self\" data-type=\"url\">\n  \n  \n\t\n\n\n\n<div class=\"bde-image-box-54-188 bde-image-box\">\n<div class=\"ee-imagebox-image\">\n  <img loading=\"lazy\" decoding=\"async\" class=\"breakdance-image-object\" src=\"https:\/\/www.kuttin.at\/wp-content\/uploads\/2024\/08\/Schuette-Kuttin.png\" width=\"750\" height=\"500\" srcset=\"https:\/\/www.kuttin.at\/wp-content\/uploads\/2024\/08\/Schuette-Kuttin.png 750w, https:\/\/www.kuttin.at\/wp-content\/uploads\/2024\/08\/Schuette-Kuttin-300x200.png 300w, https:\/\/www.kuttin.at\/wp-content\/uploads\/2024\/08\/Schuette-Kuttin-18x12.png 18w\" sizes=\"auto, (max-width: 750px) 100vw, 750px\">\n<\/div>\n<div class=\"ee-imagebox-content\">\n      <h3 class=\"ee-imagebox-title bde-h3\" >Container rental <\/h3>\n    \n      <div class=\"ee-imagebox-text\" >Day after day, our customers accumulate waste materials, and we transport and store these punctually and in an environmentally friendly manner. This is where our containers and our vehicle fleet come into play. \nWhen it comes to logistics, our customers fully rely on our expertise.<\/div>\n    \n  <\/div>\n\n<\/div>\n\n<\/a><a class=\"bde-container-link-54-190 bde-container-link breakdance-link\" href=\"https:\/\/www.kuttin.at\/en\/spanebrikettierung\/\" target=\"_self\" data-type=\"url\">\n  \n  \n\t\n\n\n\n<div class=\"bde-image-box-54-191 bde-image-box\">\n<div class=\"ee-imagebox-image\">\n  <img loading=\"lazy\" decoding=\"async\" class=\"breakdance-image-object\" src=\"https:\/\/www.kuttin.at\/wp-content\/uploads\/2024\/07\/spane-Kuttin.png\" width=\"750\" height=\"500\" srcset=\"https:\/\/www.kuttin.at\/wp-content\/uploads\/2024\/07\/spane-Kuttin.png 750w, https:\/\/www.kuttin.at\/wp-content\/uploads\/2024\/07\/spane-Kuttin-300x200.png 300w\" sizes=\"auto, (max-width: 750px) 100vw, 750px\">\n<\/div>\n<div class=\"ee-imagebox-content\">\n      <h3 class=\"ee-imagebox-title bde-h3\" >Chip briquetting <\/h3>\n    \n      <div class=\"ee-imagebox-text\" >The standout feature of our system is its volume reduction of chips, which can be up to 50:1 with a voluminous input. The result is a reduction of storage and transport costs. <\/div>\n    \n  <\/div>\n\n<\/div>\n\n<\/a><a class=\"bde-container-link-54-196 bde-container-link breakdance-link\" href=\"https:\/\/www.kuttin.at\/en\/abbrucharbeiten\/\" target=\"_self\" data-type=\"url\">\n  \n  \n\t\n\n\n\n<div class=\"bde-image-box-54-197 bde-image-box\">\n<div class=\"ee-imagebox-image\">\n  <img loading=\"lazy\" decoding=\"async\" class=\"breakdance-image-object\" src=\"https:\/\/www.kuttin.at\/wp-content\/uploads\/2024\/07\/Leistungen-Demontage.png\" width=\"750\" height=\"500\" srcset=\"https:\/\/www.kuttin.at\/wp-content\/uploads\/2024\/07\/Leistungen-Demontage.png 750w, https:\/\/www.kuttin.at\/wp-content\/uploads\/2024\/07\/Leistungen-Demontage-300x200.png 300w\" sizes=\"auto, (max-width: 750px) 100vw, 750px\">\n<\/div>\n<div class=\"ee-imagebox-content\">\n      <h3 class=\"ee-imagebox-title bde-h3\" >Demolition work <\/h3>\n    \n      <div class=\"ee-imagebox-text\" >One of KUTTIN\u2019s specialities! We can take care of everything from the demolition of old factory buildings or disused steel railway bridges, disposal services after major fires to the dismantling of heating systems and large boilers.<\/div>\n    \n  <\/div>\n\n<\/div>\n\n<\/a>\n<\/div><\/div>\n<\/section><section class=\"bde-section-54-142 bde-section\">\n  \n  \n\t\n\n\n\n<div class=\"section-container\"><div class=\"bde-columns-54-143 bde-columns\"><div class=\"bde-column-54-144 bde-column\">\n  \n  \n\t\n\n\n\n<h2 class=\"bde-heading-54-145 bde-heading\">\nZahlen und Fakten\n<\/h2><div class=\"bde-text-54-161 bde-text\">\nAls REON GROUP unterst\u00fctzen wir dabei, den Wert der Dinge zu erkennen und L\u00f6sungen zu schaffen, die aus alt, neu machen.\n<\/div><div class=\"bde-text-54-146 bde-text\">\n\n<\/div><div class=\"bde-masker-54-177 bde-masker\" data-parallax=\"true\"><div class=\"bde-image-54-178 bde-image\" data-parallax=\"true\">\n<figure class=\"breakdance-image breakdance-image--164\">\n\t<div class=\"breakdance-image-container\">\n\t\t<div class=\"breakdance-image-clip\"><img loading=\"lazy\" decoding=\"async\" class=\"breakdance-image-object\" src=\"https:\/\/www.kuttin.at\/wp-content\/uploads\/2024\/06\/golden-copy-scaled.jpg\" width=\"2560\" height=\"1707\" srcset=\"https:\/\/www.kuttin.at\/wp-content\/uploads\/2024\/06\/golden-copy-scaled.jpg 2560w, https:\/\/www.kuttin.at\/wp-content\/uploads\/2024\/06\/golden-copy-300x200.jpg 300w, https:\/\/www.kuttin.at\/wp-content\/uploads\/2024\/06\/golden-copy-1024x683.jpg 1024w, https:\/\/www.kuttin.at\/wp-content\/uploads\/2024\/06\/golden-copy-768x512.jpg 768w, https:\/\/www.kuttin.at\/wp-content\/uploads\/2024\/06\/golden-copy-1536x1024.jpg 1536w, https:\/\/www.kuttin.at\/wp-content\/uploads\/2024\/06\/golden-copy-2048x1365.jpg 2048w\" sizes=\"auto, (max-width: 2560px) 100vw, 2560px\"><\/div>\n\t<\/div><\/figure>\n\n<\/div>\r\n<\/div>\n<\/div><div class=\"bde-column-54-147 bde-column\">\n  \n  \n\t\n\n\n\n<div class=\"bde-columns-54-148 bde-columns\"><div class=\"bde-column-54-149 bde-column\">\n  \n  \n\t\n\n\n\n<div class=\"bde-icon-box-54-150 bde-icon-box\">\n\n    \n            <div class=\"ee-iconbox-icon breakdance-icon-atom\" >\n    \n                    <svg xmlns=\"http:\/\/www.w3.org\/2000\/svg\" id=\"Capa_1\" enable-background=\"new 0 0 512 512\" viewbox=\"0 0 512 512\"><g><path d=\"m296.757 0-275.544 275.544h194.03l275.544-275.544z\"\/><path d=\"m0 305.544h206.456v206.456h-206.456z\"\/><path d=\"m236.456 296.757v194.03l275.544-275.544v-194.03z\"\/><\/g><g\/><g\/><g\/><g\/><g\/><g\/><g\/><g\/><g\/><g\/><g\/><g\/><g\/><g\/><g\/><\/svg>\n        \n        \n        \n            <\/div>\n    \n\n<div class=\"ee-iconbox-content\">\n      <h3 class=\"ee-iconbox-title bde-h3\" >Sekund\u00e4rrohstoffe<\/h3>\n        <div class=\"ee-iconbox-text\" >Wir setzen wir j\u00e4hrlich rund 1 Million Tonnen Sekund\u00e4rrohstoffe um.<\/div>\n    <\/div>\n\n<\/div>\n<\/div><div class=\"bde-column-54-151 bde-column\">\n  \n  \n\t\n\n\n\n<div class=\"bde-icon-box-54-152 bde-icon-box\">\n\n    \n            <div class=\"ee-iconbox-icon breakdance-icon-atom\" >\n    \n                    <svg xmlns=\"http:\/\/www.w3.org\/2000\/svg\" viewbox=\"0 0 512 512\"><!-- Font Awesome Free 5.15.1 by @fontawesome - https:\/\/fontawesome.com License - https:\/\/fontawesome.com\/license\/free (Icons: CC BY 4.0, Fonts: SIL OFL 1.1, Code: MIT License) --><path d=\"M184.561 261.903c3.232 13.997-12.123 24.635-24.068 17.168l-40.736-25.455-50.867 81.402C55.606 356.273 70.96 384 96.012 384H148c6.627 0 12 5.373 12 12v40c0 6.627-5.373 12-12 12H96.115c-75.334 0-121.302-83.048-81.408-146.88l50.822-81.388-40.725-25.448c-12.081-7.547-8.966-25.961 4.879-29.158l110.237-25.45c8.611-1.988 17.201 3.381 19.189 11.99l25.452 110.237zm98.561-182.915l41.289 66.076-40.74 25.457c-12.051 7.528-9 25.953 4.879 29.158l110.237 25.45c8.672 1.999 17.215-3.438 19.189-11.99l25.45-110.237c3.197-13.844-11.99-24.719-24.068-17.168l-40.687 25.424-41.263-66.082c-37.521-60.033-125.209-60.171-162.816 0l-17.963 28.766c-3.51 5.62-1.8 13.021 3.82 16.533l33.919 21.195c5.62 3.512 13.024 1.803 16.536-3.817l17.961-28.743c12.712-20.341 41.973-19.676 54.257-.022zM497.288 301.12l-27.515-44.065c-3.511-5.623-10.916-7.334-16.538-3.821l-33.861 21.159c-5.62 3.512-7.33 10.915-3.818 16.536l27.564 44.112c13.257 21.211-2.057 48.96-27.136 48.96H320V336.02c0-14.213-17.242-21.383-27.313-11.313l-80 79.981c-6.249 6.248-6.249 16.379 0 22.627l80 79.989C302.689 517.308 320 510.3 320 495.989V448h95.88c75.274 0 121.335-82.997 81.408-146.88z\"\/><\/svg>\n        \n        \n        \n            <\/div>\n    \n\n<div class=\"ee-iconbox-content\">\n      <p class=\"ee-iconbox-title bde-h3\" >Substitution<\/p>\n        <div class=\"ee-iconbox-text\" >Die Substitution von Prim\u00e4rrohstoffen durch Sekund\u00e4rrohstoffe spart 1,2 Tonnen CO\u00b2 pro erzeugter Tonne Stahl ein. <\/div>\n    <\/div>\n\n<\/div>\n<\/div><\/div><div class=\"bde-columns-54-153 bde-columns\"><div class=\"bde-column-54-154 bde-column\">\n  \n  \n\t\n\n\n\n<div class=\"bde-icon-box-54-155 bde-icon-box\">\n\n    \n            <div class=\"ee-iconbox-icon breakdance-icon-atom\" >\n    \n                    <svg xmlns=\"http:\/\/www.w3.org\/2000\/svg\" id=\"icon-cloud-upload\" viewbox=\"0 0 32 32\">\n<path d=\"M27.883 12.078c0.076-0.347 0.117-0.708 0.117-1.078 0-2.761-2.239-5-5-5-0.444 0-0.875 0.058-1.285 0.167-0.775-2.417-3.040-4.167-5.715-4.167-2.73 0-5.033 1.823-5.76 4.318-0.711-0.207-1.462-0.318-2.24-0.318-4.418 0-8 3.582-8 8s3.582 8 8 8h4v6h8v-6h7c2.761 0 5-2.239 5-5 0-2.46-1.777-4.505-4.117-4.922zM18 20v6h-4v-6h-5l7-7 7 7h-5z\"\/>\n<\/svg>\n        \n        \n        \n            <\/div>\n    \n\n<div class=\"ee-iconbox-content\">\n      <p class=\"ee-iconbox-title bde-h3\" >CO\u00b2 Aussto\u00df<\/p>\n        <div class=\"ee-iconbox-text\" >Das verhindert einen CO\u00b2-Aussto\u00df von \u00fcber 1 Million Tonnen pro Jahr. <\/div>\n    <\/div>\n\n<\/div>\n<\/div><div class=\"bde-column-54-156 bde-column\">\n  \n  \n\t\n\n\n\n<div class=\"bde-icon-box-54-157 bde-icon-box\">\n\n    \n            <div class=\"ee-iconbox-icon breakdance-icon-atom\" >\n    \n                    <svg xmlns=\"http:\/\/www.w3.org\/2000\/svg\" id=\"icon-key2\" viewbox=\"0 0 32 32\">\n<path d=\"M31.317 9.82l-3.16-3.159c-0.775-0.775-2.043-2.043-2.818-2.818l-3.16-3.159c-0.775-0.775-2.155-0.911-3.067-0.304l-8.639 5.759c-0.912 0.608-1.257 1.907-0.767 2.887l2.203 4.405c0.067 0.135 0.145 0.278 0.231 0.427l-11.142 11.142-1 7h6v-2h4v-4h4v-4h4v-2.225c0.2 0.119 0.392 0.226 0.569 0.314l4.405 2.203c0.98 0.49 2.279 0.145 2.887-0.767l5.759-8.639c0.608-0.912 0.471-2.292-0.304-3.066zM4.707 26.707l-1.414-1.414 9.737-9.737 1.414 1.414-9.737 9.737zM28.657 13.243l-1.414 1.414c-0.389 0.389-1.025 0.389-1.414 0l-8.485-8.485c-0.389-0.389-0.389-1.025 0-1.414l1.414-1.414c0.389-0.389 1.025-0.389 1.414 0l8.485 8.485c0.389 0.389 0.389 1.025 0 1.414z\"\/>\n<\/svg>\n        \n        \n        \n            <\/div>\n    \n\n<div class=\"ee-iconbox-content\">\n      <p class=\"ee-iconbox-title bde-h3\" >Schl\u00fcssellieferant<\/p>\n        <div class=\"ee-iconbox-text\" >Wir vereinen f\u00fchrende Recyclingunternehmen im Eisen- und Metallbereich und sind ein Schl\u00fcssellieferant der heimischen Stahlindustrie.<\/div>\n    <\/div>\n\n<\/div>\n<\/div><\/div>\n<\/div><\/div><\/div>\n<\/section><section class=\"bde-section-54-200 bde-section\">\n              \n  \n  \n\t\n\n  <div class=\"section-background-overlay\"><\/div>\n\n\n<div class=\"section-container\"><div class=\"bde-columns-54-201 bde-columns\"><div class=\"bde-column-54-202 bde-column\">\n  \n  \n\t\n\n\n\n<div class=\"bde-animated-heading-54-203 bde-animated-heading\">\n<h2 class=\"bde-animated-heading__text\">\n\n\t<span class=\"bde-animated-heading__wrapper\"><\/span>\n\n\n\n\n<\/h2>\n\n<noscript>\n      <h2 class=\"bde-animated-heading__noscript\">\n      <span><\/span>\n      Our commercial goods sales.\n      <span><\/span>\n    <\/h2>\n  <\/noscript>\n<\/div>\n<\/div><div class=\"bde-column-54-204 bde-column\">\n  \n  \n\t\n\n\n\n<div class=\"bde-button-54-205 bde-button\">\n        \n    \n    \n    \n    \n            \n                    \n            \n            \n\n    \n    \n    \n    \n    \n    <a class=\"breakdance-link button-atom button-atom--primary bde-button__button\" href=\"https:\/\/www.kuttin.at\/en\/schrottboutique\/\" target=\"_self\" data-type=\"url\"  >\n\n    \n        <span class=\"button-atom__text\">To our commercial goods sales<\/span>\n\n        \n        \n                <\/a>\n\n    \n\n\n<\/div>\n<\/div><\/div><\/div>\n<\/section><section class=\"bde-section-54-108 bde-section\">\n  \n  \n\t\n\n\n\n<div class=\"section-container\"><div class=\"bde-gallery-54-109 bde-gallery\">\n\n\n  \n\n\n\n\n\n\n\n  \n\n  <div class=\"ee-gallery-swiper breakdance-swiper-wrapper\" data-swiper-id=\"109\">\n    <div class=\"swiper\">\n\n<div class=\"ee-gallery ee-gallery--gallery-slider ee-gallery--slider ee-gallery-- ee-gallery--lightbox ee-gallery-- ee-gallery--caption- ee-gallery--caption-none ee-gallery--ratio swiper-wrapper\">\n                  \n      <a class=\"ee-gallery-item ee-gallery-item--image ee-gallery-item--single swiper-slide\" href=\"https:\/\/www.kuttin.at\/wp-content\/uploads\/2024\/06\/5-scaled.jpg\"  data-sub-html=\"<span><\/span>\" data-category=\"1\"                  data-lg-size=\"2560-1440\"\n\n      >\n        <figure class=\"ee-gallery-item-figure\">\n                        <img loading=\"lazy\" decoding=\"async\" class=\"breakdance-image-object\" src=\"https:\/\/www.kuttin.at\/wp-content\/uploads\/2024\/06\/5-768x432.jpg\" width=\"768\" height=\"432\" srcset=\"https:\/\/www.kuttin.at\/wp-content\/uploads\/2024\/06\/5-scaled.jpg 2560w, https:\/\/www.kuttin.at\/wp-content\/uploads\/2024\/06\/5-300x169.jpg 300w, https:\/\/www.kuttin.at\/wp-content\/uploads\/2024\/06\/5-1024x576.jpg 1024w, https:\/\/www.kuttin.at\/wp-content\/uploads\/2024\/06\/5-768x432.jpg 768w, https:\/\/www.kuttin.at\/wp-content\/uploads\/2024\/06\/5-1536x864.jpg 1536w, https:\/\/www.kuttin.at\/wp-content\/uploads\/2024\/06\/5-2048x1152.jpg 2048w\" sizes=\"auto, (max-width: 2560px) 100vw, 2560px\">\n          \n                  <\/figure>\n      <\/a>\n\n                \n      <a class=\"ee-gallery-item ee-gallery-item--image ee-gallery-item--single swiper-slide\" href=\"https:\/\/www.kuttin.at\/wp-content\/uploads\/2024\/06\/3-1-scaled.jpg\"  data-sub-html=\"<span><\/span>\" data-category=\"1\"                  data-lg-size=\"2560-1440\"\n\n      >\n        <figure class=\"ee-gallery-item-figure\">\n                        <img loading=\"lazy\" decoding=\"async\" class=\"breakdance-image-object\" src=\"https:\/\/www.kuttin.at\/wp-content\/uploads\/2024\/06\/3-1-768x432.jpg\" width=\"768\" height=\"432\" srcset=\"https:\/\/www.kuttin.at\/wp-content\/uploads\/2024\/06\/3-1-scaled.jpg 2560w, https:\/\/www.kuttin.at\/wp-content\/uploads\/2024\/06\/3-1-300x169.jpg 300w, https:\/\/www.kuttin.at\/wp-content\/uploads\/2024\/06\/3-1-1024x576.jpg 1024w, https:\/\/www.kuttin.at\/wp-content\/uploads\/2024\/06\/3-1-768x432.jpg 768w, https:\/\/www.kuttin.at\/wp-content\/uploads\/2024\/06\/3-1-1536x864.jpg 1536w, https:\/\/www.kuttin.at\/wp-content\/uploads\/2024\/06\/3-1-2048x1152.jpg 2048w\" sizes=\"auto, (max-width: 2560px) 100vw, 2560px\">\n          \n                  <\/figure>\n      <\/a>\n\n                \n      <a class=\"ee-gallery-item ee-gallery-item--image ee-gallery-item--single swiper-slide\" href=\"https:\/\/www.kuttin.at\/wp-content\/uploads\/2024\/06\/10-1-scaled.jpg\"  data-sub-html=\"<span><\/span>\" data-category=\"1\"                  data-lg-size=\"2560-1440\"\n\n      >\n        <figure class=\"ee-gallery-item-figure\">\n                        <img loading=\"lazy\" decoding=\"async\" class=\"breakdance-image-object\" src=\"https:\/\/www.kuttin.at\/wp-content\/uploads\/2024\/06\/10-1-768x432.jpg\" width=\"768\" height=\"432\" srcset=\"https:\/\/www.kuttin.at\/wp-content\/uploads\/2024\/06\/10-1-scaled.jpg 2560w, https:\/\/www.kuttin.at\/wp-content\/uploads\/2024\/06\/10-1-300x169.jpg 300w, https:\/\/www.kuttin.at\/wp-content\/uploads\/2024\/06\/10-1-1024x576.jpg 1024w, https:\/\/www.kuttin.at\/wp-content\/uploads\/2024\/06\/10-1-768x432.jpg 768w, https:\/\/www.kuttin.at\/wp-content\/uploads\/2024\/06\/10-1-1536x864.jpg 1536w, https:\/\/www.kuttin.at\/wp-content\/uploads\/2024\/06\/10-1-2048x1152.jpg 2048w\" sizes=\"auto, (max-width: 2560px) 100vw, 2560px\">\n          \n                  <\/figure>\n      <\/a>\n\n                \n      <a class=\"ee-gallery-item ee-gallery-item--image ee-gallery-item--single swiper-slide\" href=\"https:\/\/www.kuttin.at\/wp-content\/uploads\/2024\/06\/kuttin2020-118-1-scaled.jpg\"  data-sub-html=\"<span><\/span>\" data-category=\"1\"                  data-lg-size=\"2560-1912\"\n\n      >\n        <figure class=\"ee-gallery-item-figure\">\n                        <img loading=\"lazy\" decoding=\"async\" class=\"breakdance-image-object\" src=\"https:\/\/www.kuttin.at\/wp-content\/uploads\/2024\/06\/kuttin2020-118-1-768x574.jpg\" width=\"768\" height=\"574\" srcset=\"https:\/\/www.kuttin.at\/wp-content\/uploads\/2024\/06\/kuttin2020-118-1-scaled.jpg 2560w, https:\/\/www.kuttin.at\/wp-content\/uploads\/2024\/06\/kuttin2020-118-1-300x224.jpg 300w, https:\/\/www.kuttin.at\/wp-content\/uploads\/2024\/06\/kuttin2020-118-1-1024x765.jpg 1024w, https:\/\/www.kuttin.at\/wp-content\/uploads\/2024\/06\/kuttin2020-118-1-768x574.jpg 768w, https:\/\/www.kuttin.at\/wp-content\/uploads\/2024\/06\/kuttin2020-118-1-1536x1147.jpg 1536w, https:\/\/www.kuttin.at\/wp-content\/uploads\/2024\/06\/kuttin2020-118-1-2048x1529.jpg 2048w\" sizes=\"auto, (max-width: 2560px) 100vw, 2560px\">\n          \n                  <\/figure>\n      <\/a>\n\n                \n      <a class=\"ee-gallery-item ee-gallery-item--image ee-gallery-item--single swiper-slide\" href=\"https:\/\/www.kuttin.at\/wp-content\/uploads\/2024\/06\/8-scaled.jpg\"  data-sub-html=\"<span><\/span>\" data-category=\"1\"                  data-lg-size=\"2560-1440\"\n\n      >\n        <figure class=\"ee-gallery-item-figure\">\n                        <img loading=\"lazy\" decoding=\"async\" class=\"breakdance-image-object\" src=\"https:\/\/www.kuttin.at\/wp-content\/uploads\/2024\/06\/8-768x432.jpg\" width=\"768\" height=\"432\" srcset=\"https:\/\/www.kuttin.at\/wp-content\/uploads\/2024\/06\/8-scaled.jpg 2560w, https:\/\/www.kuttin.at\/wp-content\/uploads\/2024\/06\/8-300x169.jpg 300w, https:\/\/www.kuttin.at\/wp-content\/uploads\/2024\/06\/8-1024x576.jpg 1024w, https:\/\/www.kuttin.at\/wp-content\/uploads\/2024\/06\/8-768x432.jpg 768w, https:\/\/www.kuttin.at\/wp-content\/uploads\/2024\/06\/8-1536x864.jpg 1536w, https:\/\/www.kuttin.at\/wp-content\/uploads\/2024\/06\/8-2048x1152.jpg 2048w\" sizes=\"auto, (max-width: 2560px) 100vw, 2560px\">\n          \n                  <\/figure>\n      <\/a>\n\n                \n      <a class=\"ee-gallery-item ee-gallery-item--image ee-gallery-item--single swiper-slide\" href=\"https:\/\/www.kuttin.at\/wp-content\/uploads\/2024\/06\/7-1-scaled.jpg\"  data-sub-html=\"<span><\/span>\" data-category=\"1\"                  data-lg-size=\"2560-1440\"\n\n      >\n        <figure class=\"ee-gallery-item-figure\">\n                        <img loading=\"lazy\" decoding=\"async\" class=\"breakdance-image-object\" src=\"https:\/\/www.kuttin.at\/wp-content\/uploads\/2024\/06\/7-1-768x432.jpg\" width=\"768\" height=\"432\" srcset=\"https:\/\/www.kuttin.at\/wp-content\/uploads\/2024\/06\/7-1-scaled.jpg 2560w, https:\/\/www.kuttin.at\/wp-content\/uploads\/2024\/06\/7-1-300x169.jpg 300w, https:\/\/www.kuttin.at\/wp-content\/uploads\/2024\/06\/7-1-1024x576.jpg 1024w, https:\/\/www.kuttin.at\/wp-content\/uploads\/2024\/06\/7-1-768x432.jpg 768w, https:\/\/www.kuttin.at\/wp-content\/uploads\/2024\/06\/7-1-1536x864.jpg 1536w, https:\/\/www.kuttin.at\/wp-content\/uploads\/2024\/06\/7-1-2048x1152.jpg 2048w\" sizes=\"auto, (max-width: 2560px) 100vw, 2560px\">\n          \n                  <\/figure>\n      <\/a>\n\n      \n  <\/div>\n\n    <\/div>\n        \n            <div class=\"swiper-pagination\"><\/div>\n    \n  <\/div>\n\n\n<\/div><\/div>\n<\/section>","protected":false},"excerpt":{"rendered":"<p>F\u00fcr unsere Kund:innen stehen wir an drei Standorten zur Verf\u00fcgung In Knittelfeld wird ein moderner und \u00fcberaus umweltorientierter Schrottplatz betrieben.\u00a0Die Schrottaufbereitung mittels Gro\u00dfschere und Shredder, sowie Logistik mittels eigenem Fuhr- und Containerpark sichern ein serviceorientiertes Leistungsspektrum. Am Standort Klagenfurt, in zentraler Lage f\u00fcr unsere Kund:innen, wird mit Eisenschrott und NE-Metallen gehandelt.\u00a0Regionale Kundschaft sch\u00e4tzt den Standort [&hellip;]<\/p>\n","protected":false},"author":1,"featured_media":0,"parent":0,"menu_order":0,"comment_status":"closed","ping_status":"closed","template":"","meta":{"_breakdance_hide_in_design_set":false,"_breakdance_tags":"","iawp_total_views":1979,"footnotes":""},"class_list":["post-54","page","type-page","status-publish","hentry"],"_links":{"self":[{"href":"https:\/\/www.kuttin.at\/en\/wp-json\/wp\/v2\/pages\/54","targetHints":{"allow":["GET"]}}],"collection":[{"href":"https:\/\/www.kuttin.at\/en\/wp-json\/wp\/v2\/pages"}],"about":[{"href":"https:\/\/www.kuttin.at\/en\/wp-json\/wp\/v2\/types\/page"}],"author":[{"embeddable":true,"href":"https:\/\/www.kuttin.at\/en\/wp-json\/wp\/v2\/users\/1"}],"replies":[{"embeddable":true,"href":"https:\/\/www.kuttin.at\/en\/wp-json\/wp\/v2\/comments?post=54"}],"version-history":[{"count":118,"href":"https:\/\/www.kuttin.at\/en\/wp-json\/wp\/v2\/pages\/54\/revisions"}],"predecessor-version":[{"id":2165,"href":"https:\/\/www.kuttin.at\/en\/wp-json\/wp\/v2\/pages\/54\/revisions\/2165"}],"wp:attachment":[{"href":"https:\/\/www.kuttin.at\/en\/wp-json\/wp\/v2\/media?parent=54"}],"curies":[{"name":"wp","href":"https:\/\/api.w.org\/{rel}","templated":true}]}}